{"id":13,"date":"2016-02-17T20:21:08","date_gmt":"2016-02-17T20:21:08","guid":{"rendered":"http:\/\/sobeca-tunisie.com\/?page_id=13"},"modified":"2018-04-11T12:59:19","modified_gmt":"2018-04-11T10:59:19","slug":"services","status":"publish","type":"page","link":"https:\/\/sobeca-tunisie.com\/?page_id=13","title":{"rendered":"Services"},"content":{"rendered":"<div class=\"acc_item \"><h4 class=\"accordion\"><span class=\"acc_control acc_is_open\"><\/span><span class=\"acc_heading\">Nos Services<\/span><\/h4><div class=\"accordion_content\">\n<h2 class=\"page_title wow bounceInRight\"><strong><strong class=\"hilite\">Nos Services<\/strong><\/strong><\/h2>\n<div class=\"news_container\" style=\"text-align: justify;\">\nSOBECA est une soci\u00e9t\u00e9 leader dans le domaine de fabrication de tout type d\u2019engrenage : droit, \u00e0 denture h\u00e9lico\u00efdale, conique, cr\u00e9maill\u00e8re, pignon \u00e0 cha\u00eene, roue et vis sans fin et toute pi\u00e8ce de rechange m\u00e9canique destin\u00e9e \u00e0 la maintenance industriel.<br \/>\nEn fait nous r\u00e9alisons selon des plans techniques, des mod\u00e8les, et des cahiers de charge client des pi\u00e8ces m\u00e9caniques \u00e0 haute pr\u00e9cision sollicit\u00e9e \u00e0 des fortes contraintes usure, fatigue, corrosion, chaud, froid,\u2026\u2026<br \/>\n La satisfaction totale et la fid\u00e9lisation de nos clients est le c\u0153ur de nos int\u00e9r\u00eat gr\u00e2ce \u00e0 la bonne qualit\u00e9 des produits livr\u00e9e, la formations continue de nos personnels, l\u2019agr\u00e9gation et la relation privil\u00e9gi\u00e9es avec nos fournisseurs, la fid\u00e9lit\u00e9 et la justice des instruments de mesures et contr\u00f4les utilis\u00e9e.<br \/>\nLe Groupe EBECA-SOBECA est certifi\u00e9e en ISO 9001 depuis 2006 et continue de faire l\u2019objet de plus de rigueur pour assurer \u00e0 nos\u00a0clients un grand esprit de partenariat et de fid\u00e9lit\u00e9.<\/p>\n<h3 class=\"wow bounceInRight\"><strong class=\"hilite_dark\">USINAGE<\/strong><\/h3>\n<p>SOBECA est leader dans son domaine depuis sa cr\u00e9ation. Nos services d\u2019usinage sont r\u00e9put\u00e9s pour leur qualit\u00e9 irr\u00e9prochable, et nous offrons un service personnalis\u00e9 et attentif du d\u00e9but jusqu&rsquo;\u00e0 la fin du processus gr\u00e2ce \u00e0 nos machinistes qui ma\u00eetrisent les propri\u00e9t\u00e9s\u00a0exceptionnelles des mat\u00e9riaux et les processus d\u2019usinage. L\u2019am\u00e9lioration continue de notre production nous permet d\u2019atteindre une productivit\u00e9 optimale et de haute qualit\u00e9, afin de r\u00e9pondre rapidement aux besoins sp\u00e9cifiques de nos clients.<\/p>\n<h3 class=\"wow bounceInRight\"><strong class=\"hilite_dark\">SOUS-TRAITANCE<\/strong><\/h3>\n<p>Nous travaillons en partenariat avec de sous-traitants approuv\u00e9s, dont la qualit\u00e9 du travail a fait ses preuves et largement reconnue. Parmi la gamme de t\u00e2ches que nous pouvons prendre en charge par sous-traitance : \n<ul class=\"checked\">\n<li>Rev\u00eatement caoutchouc<\/li>\n<li>Traitement thermique<\/li>\n<li>D\u00e9coupe laser<\/li>\n<li>Peinture<\/li>\n<li>Zingage<\/li>\n<\/ul>\n Nous accomplissons nos services de sous-traitance avec la m\u00eame rigueur et le m\u00eame souci d\u2019excellence que ceux qui caract\u00e9risent nos services d\u2019usinage.<\/p>\n<\/div>\n<\/div><\/div>\n<div class=\"acc_item \"><h4 class=\"accordion\"><span class=\"acc_control\"><\/span><span class=\"acc_heading\">Parc machines<\/span><\/h4><div class=\"accordion_content\">\n<h2 class=\"wow bounceInRight\"><strong><strong class=\"hilite\">Parc machines<\/strong><\/strong><\/h2>\n<div>Notre parc machine est compos\u00e9 de:<\/div>\n<div id=\"d_offset\">\n<h3 class=\"wow bounceInRight\"><strong><strong class=\"hilite_dark\">Tours parall\u00e8les<\/strong><\/strong><\/h3>\n<p>Nos ateliers disposent de 8 tours classiques de diff\u00e9rentes capacit\u00e9s de fabrication de pi\u00e8ces m\u00e9caniques.<\/p>\n<div align=\"center\">\n<p><img src=\"http:\/\/sobeca-tunisie.com\/gfx\/DSC_3679.jpg\" alt=\"\" \/><img src=\"http:\/\/sobeca-tunisie.com\/gfx\/DSC_3703.jpg\" alt=\"\" \/><img src=\"http:\/\/sobeca-tunisie.com\/gfx\/DSC_3678.jpg\" alt=\"\" \/><\/p>\n<table style=\"height: 251px; width: 712px;\">\n<tbody>\n<tr style=\"height: 30;\">\n<td style=\"width: 155px; background-color: #556167; height: 30px; text-align: center; vertical-align: middle;\">\n<p align=\"center\"><strong><span style=\"color: #ffffff;\">Diam\u00e8tre sur rompu<\/span><\/strong><\/p>\n<\/td>\n<td style=\"width: 155px; background-color: #556167; height: 30px; text-align: center; vertical-align: middle;\">\n<p align=\"center\"><strong><span style=\"color: #ffffff;\">Diam\u00e8tre sur glissi\u00e8re<\/span><\/strong><\/p>\n<\/td>\n<td style=\"width: 155px; background-color: #556167; height: 30px; text-align: center; vertical-align: middle;\">\n<p align=\"center\"><strong><span style=\"color: #ffffff;\">Diam\u00e8tre sur chariot<\/span><\/strong><\/p>\n<\/td>\n<td style=\"width: 155px; background-color: #556167; height: 30px; text-align: center; vertical-align: middle;\">\n<p align=\"center\"><strong><span style=\"color: #ffffff;\">Longueur max<\/span><\/strong><\/p>\n<\/td>\n<\/tr>\n<tr style=\"height: 28px;\">\n<td style=\"width: 155px; height: 28px; background-color: #e2e8e9; text-align: center; vertical-align: middle;\">1800<\/td>\n<td style=\"width: 155px; height: 28px; background-color: #e2e8e9; text-align: center; vertical-align: middle;\">1500<\/td>\n<td style=\"width: 155px; height: 28px; background-color: #e2e8e9; text-align: center; vertical-align: middle;\">1200<\/td>\n<td style=\"width: 155px; height: 28px; background-color: #e2e8e9; text-align: center; vertical-align: middle;\">7000<\/td>\n<\/tr>\n<tr style=\"height: 28px;\">\n<td style=\"width: 155px; height: 28px; background-color: #e2e8e9; text-align: center; vertical-align: middle;\">1500<\/td>\n<td style=\"width: 155px; height: 28px; background-color: #e2e8e9; text-align: center; vertical-align: middle;\">1200<\/td>\n<td style=\"width: 155px; height: 28px; background-color: #e2e8e9; text-align: center; vertical-align: middle;\">900<\/td>\n<td style=\"width: 155px; height: 28px; background-color: #e2e8e9; text-align: center; vertical-align: middle;\">3000<\/td>\n<\/tr>\n<tr style=\"height: 28.9667px;\">\n<td style=\"width: 155px; height: 28px; background-color: #e2e8e9; text-align: center; vertical-align: middle;\">1100<\/td>\n<td style=\"width: 155px; height: 28px; background-color: #e2e8e9; text-align: center; vertical-align: middle;\">1000<\/td>\n<td style=\"width: 155px; height: 28px; background-color: #e2e8e9; text-align: center; vertical-align: middle;\">650<\/td>\n<td style=\"width: 155px; height: 28px; background-color: #e2e8e9; text-align: center; vertical-align: middle;\">5000<\/td>\n<\/tr>\n<tr style=\"height: 28px;\">\n<td style=\"width: 155px; height: 28px; background-color: #e2e8e9; text-align: center; vertical-align: middle;\">800<\/td>\n<td style=\"width: 155px; height: 28px; background-color: #e2e8e9; text-align: center; vertical-align: middle;\">650<\/td>\n<td style=\"width: 155px; height: 28px; background-color: #e2e8e9; text-align: center; vertical-align: middle;\">400<\/td>\n<td style=\"width: 155px; height: 28px; background-color: #e2e8e9; text-align: center; vertical-align: middle;\">3000<\/td>\n<\/tr>\n<tr style=\"height: 28px;\">\n<td style=\"width: 155px; height: 28px; background-color: #e2e8e9; text-align: center; vertical-align: middle;\">800<\/td>\n<td style=\"width: 155px; height: 28px; background-color: #e2e8e9; text-align: center; vertical-align: middle;\">650<\/td>\n<td style=\"width: 155px; height: 28px; background-color: #e2e8e9; text-align: center; vertical-align: middle;\">400<\/td>\n<td style=\"width: 155px; height: 28px; background-color: #e2e8e9; text-align: center; vertical-align: middle;\">3000<\/td>\n<\/tr>\n<tr style=\"height: 28px;\">\n<td style=\"width: 155px; height: 28px; background-color: #e2e8e9; text-align: center; vertical-align: middle;\">700<\/td>\n<td style=\"width: 155px; height: 28px; background-color: #e2e8e9; text-align: center; vertical-align: middle;\">500<\/td>\n<td style=\"width: 155px; height: 28px; background-color: #e2e8e9; text-align: center; vertical-align: middle;\">300<\/td>\n<td style=\"width: 155px; height: 28px; background-color: #e2e8e9; text-align: center; vertical-align: middle;\">1500<\/td>\n<\/tr>\n<\/tbody>\n<\/table>\n<\/div>\n<p>&nbsp;<\/p>\n<div id=\"d_offset\">\n<h3 class=\"wow bounceInRight\"><b><strong class=\"hilite_dark\">Fraiseuses universelles<\/strong><\/b><\/h3>\n<p>Nos ateliers disposent de 3 fraiseuses universelles de diff\u00e9rentes dimensions de tables.<\/p>\n<div align=\"center\"><img src=\"http:\/\/sobeca-tunisie.com\/gfx\/fraisage1.jpg\" alt=\"\" \/><img src=\"http:\/\/sobeca-tunisie.com\/gfx\/fraisage3.jpg\" alt=\"\" \/><img src=\"http:\/\/sobeca-tunisie.com\/gfx\/tournage5.jpg\" alt=\"\" \/><\/div>\n<div align=\"center\">\n<table border=\"0\" width=\"300\" cellspacing=\"1\" cellpadding=\"0\" align=\"center\">\n<tbody>\n<tr>\n<td align=\"center\" bgcolor=\"#556167\" height=\"30\"><strong><span style=\"color: #ffffff;\">Dimensions des tables<\/span><\/strong><\/td>\n<\/tr>\n<tr>\n<td style=\"text-align: center;\" bgcolor=\"#E2E8E9\" height=\"25\">1400 x 600 x 400<\/td>\n<\/tr>\n<tr>\n<td style=\"text-align: center;\" bgcolor=\"#E2E8E9\" height=\"25\">1200 x 400 x 400<\/td>\n<\/tr>\n<tr>\n<td style=\"text-align: center;\" bgcolor=\"#E2E8E9\" height=\"25\">1000 x 400 x 400<\/td>\n<\/tr>\n<\/tbody>\n<\/table>\n<\/div>\n<h3 class=\"wow bounceInRight\"><b><strong class=\"hilite_dark\">Tailleuses d&rsquo;engrenages<\/strong><\/b><\/h3>\n<p>Les trois tailleuses d&rsquo;engrenages r\u00e9alisent des taillages droits et h\u00e9lico\u00efdaux des dimensions suivantes :<\/p>\n<div align=\"center\"><img src=\"http:\/\/sobeca-tunisie.com\/gfx\/taillage.jpg\" alt=\"\" \/><img src=\"http:\/\/sobeca-tunisie.com\/gfx\/taillage2.jpg\" alt=\"\" \/><img src=\"http:\/\/sobeca-tunisie.com\/gfx\/tailleuse01.jpg\" alt=\"\" \/><\/div>\n<div align=\"center\">\n<table style=\"height: 131px;\" border=\"0\" width=\"421\" cellspacing=\"1\" cellpadding=\"0\" align=\"center\">\n<tbody>\n<tr>\n<td align=\"center\" bgcolor=\"#556167\" height=\"30\"><strong><span style=\"color: #ffffff;\">Module maxi<\/span><\/strong><\/td>\n<td align=\"center\" bgcolor=\"#556167\" height=\"30\"><strong><span style=\"color: #ffffff;\">Diam. maxi<\/span><\/strong><\/td>\n<td align=\"center\" bgcolor=\"#556167\" height=\"30\"><strong><span style=\"color: #ffffff;\">largeur des dents<\/span><\/strong><\/td>\n<\/tr>\n<tr>\n<td style=\"text-align: center;\" bgcolor=\"#E2E8E9\" height=\"25\">14<\/td>\n<td style=\"text-align: center;\" bgcolor=\"#E2E8E9\" height=\"25\">1000mm<\/td>\n<td style=\"text-align: center;\" bgcolor=\"#E2E8E9\" height=\"25\">300mm<\/td>\n<\/tr>\n<tr>\n<td style=\"text-align: center;\" bgcolor=\"#E2E8E9\" height=\"25\">8<\/td>\n<td style=\"text-align: center;\" bgcolor=\"#E2E8E9\" height=\"25\">600mm<\/td>\n<td style=\"text-align: center;\" bgcolor=\"#E2E8E9\" height=\"25\">280mm<\/td>\n<\/tr>\n<tr>\n<td style=\"text-align: center;\" bgcolor=\"#E2E8E9\" height=\"25\">3<\/td>\n<td style=\"text-align: center;\" bgcolor=\"#E2E8E9\" height=\"25\">200mm<\/td>\n<td style=\"text-align: center;\" bgcolor=\"#E2E8E9\" height=\"25\">100mm<\/td>\n<\/tr>\n<\/tbody>\n<\/table>\n<\/div>\n<h3 class=\"wow bounceInRight\"><b><strong class=\"hilite_dark\">Al\u00e9seuse<\/strong><\/b><\/h3>\n<p>Nos ateliers disposent d&rsquo;une Al\u00e9seuse capable de r\u00e9aliser des pi\u00e8ces de grandes dimensions dont la fiche technique est la suivante:<\/p>\n<div align=\"center\">\n<p><img src=\"http:\/\/sobeca-tunisie.com\/gfx\/DSC_4399-2.jpg\" alt=\"\" \/><\/p>\n<table style=\"height: 202px;\" border=\"0\" width=\"337\" cellspacing=\"1\" cellpadding=\"0\" align=\"center\">\n<tbody>\n<tr style=\"height: 30.9666px;\">\n<td style=\"height: 30.9666px;\" align=\"center\" bgcolor=\"#556167\"><span style=\"color: #ffffff;\"><strong>Param\u00e8tre<\/strong><\/span><\/td>\n<td style=\"height: 30.9666px;\" align=\"center\" bgcolor=\"#556167\"><span style=\"color: #ffffff;\"><strong>Valeur<\/strong><\/span><\/td>\n<\/tr>\n<tr style=\"height: 25px;\">\n<td style=\"height: 25px; text-align: center;\" bgcolor=\"#E2E8E9\">Surface table<\/td>\n<td style=\"text-align: center; height: 25px;\" bgcolor=\"#E2E8E9\">1400mm x 1250mm<\/td>\n<\/tr>\n<tr style=\"height: 25px;\">\n<td style=\"height: 25px; text-align: center;\" bgcolor=\"#E2E8E9\">course x<\/td>\n<td style=\"text-align: center; height: 25px;\" bgcolor=\"#E2E8E9\">1400mm<\/td>\n<\/tr>\n<tr style=\"height: 25px;\">\n<td style=\"height: 25px; text-align: center;\" bgcolor=\"#E2E8E9\">course y<\/td>\n<td style=\"text-align: center; height: 25px;\" bgcolor=\"#E2E8E9\">1800mm<\/td>\n<\/tr>\n<tr style=\"height: 25px;\">\n<td style=\"height: 25px; text-align: center;\" bgcolor=\"#E2E8E9\">course z<\/td>\n<td style=\"text-align: center; height: 25px;\" bgcolor=\"#E2E8E9\">1000mm<\/td>\n<\/tr>\n<tr style=\"height: 25px;\">\n<td style=\"height: 25px; text-align: center;\" bgcolor=\"#E2E8E9\">broche<\/td>\n<td style=\"text-align: center; height: 25px;\" bgcolor=\"#E2E8E9\">100mm<\/td>\n<\/tr>\n<tr style=\"height: 25px;\">\n<td style=\"height: 25px; text-align: center;\" bgcolor=\"#E2E8E9\">course broche<\/td>\n<td style=\"text-align: center; height: 25px;\" bgcolor=\"#E2E8E9\">800mm<\/td>\n<\/tr>\n<\/tbody>\n<\/table>\n<\/div>\n<h3 class=\"wow bounceInRight\"><strong class=\"hilite_dark\">Machines \u00e0 commande num\u00e9rique <\/strong><\/h3>\n<p>Nos ateliers disposent d\u2019un parc CNC constitu\u00e9e de :<\/p>\n<ul class=\"checked\">\n<li>2 centres d\u2019usinage permettent de r\u00e9aliser rapidement des usinages plus complexes en intervenant simultan\u00e9ment sur les 3 dimensions :<\/li>\n<\/ul>\n<div align=\"center\"><img class=\"aligncenter wp-image-1612 size-large\" src=\"http:\/\/sobeca-tunisie.com\/wp-content\/uploads\/2016\/02\/image2-e1523442632355.jpg\" alt=\"MACHINE M1\"\/><\/div>\n<p><\/p>\n<div align=\"center\">\n<table style=\"height: 131px;\" width=\"480\">\n<tbody>\n<tr>\n<td style=\"width: 232px; background-color: #556167;\">\n<p align=\"center\"><span style=\"color: #ffffff;\"><strong><b>Param\u00e8tres<\/b><\/strong><\/span><\/p>\n<\/td>\n<td style=\"width: 232px; background-color: #556167;\">\n<p align=\"center\"><span style=\"color: #ffffff;\"><b><strong>Valeur<\/strong><\/b><\/span><\/p>\n<\/td>\n<\/tr>\n<tr>\n<td style=\"width: 232px; background-color: #e2e8e9;\">\n<p align=\"center\"><b><span style=\"color: #555555;\"><span style=\"font-size: small;\">D\u00e9placement Axe X<\/span><\/span><\/b><\/p>\n<\/td>\n<td style=\"width: 232px; background-color: #e2e8e9; text-align: center;\">500<\/td>\n<\/tr>\n<tr>\n<td style=\"width: 232px; background-color: #e2e8e9;\">\n<p align=\"center\"><b><span style=\"color: #555555;\"><span style=\"font-size: small;\">D\u00e9placement Axe Y<\/span><\/span><\/b><\/p>\n<\/td>\n<td style=\"width: 232px; background-color: #e2e8e9; text-align: center;\">500<\/td>\n<\/tr>\n<tr>\n<td style=\"width: 232px; background-color: #e2e8e9;\">\n<p align=\"center\"><b><span style=\"color: #555555;\"><span style=\"font-size: small;\">D\u00e9placement Axe Z<\/span><\/span><\/b><\/p>\n<\/td>\n<td style=\"width: 232px; background-color: #e2e8e9; text-align: center;\">500<\/td>\n<\/tr>\n<tr>\n<td style=\"width: 232px; background-color: #e2e8e9;\">\n<p align=\"center\"><b><span style=\"color: #555555;\"><span style=\"font-size: small;\">Dimensions table <\/span><\/span><\/b><\/p>\n<\/td>\n<td style=\"width: 232px; background-color: #e2e8e9; text-align: center;\">700 x 520<\/td>\n<\/tr>\n<\/tbody>\n<\/table>\n<\/div>\n<ul class=\"checked\">\n<li>4 Tours \u00e0 commande num\u00e9riques avec les capacit\u00e9s suivantes en fabrication des pi\u00e8ces m\u00e9caniques.<\/li>\n<\/ul>\n<div align=\"center\"><img src=\"http:\/\/sobeca-tunisie.com\/wp-content\/uploads\/2016\/02\/dbdgdgdfg-e1523442777637.jpg\" alt=\"\" \/><\/div>\n<div align=\"center\">\n<table border=\"0\" width=\"421\" cellspacing=\"1\" cellpadding=\"0\" align=\"center\">\n<tbody>\n<tr>\n<td align=\"center\" bgcolor=\"#556167\" height=\"35\"><strong><span style=\"color: #ffffff;\">D maxi<\/span><\/strong><\/td>\n<td align=\"center\" bgcolor=\"#556167\" height=\"35\"><strong><span style=\"color: #ffffff;\">Axe X<\/span><\/strong><\/td>\n<td align=\"center\" bgcolor=\"#556167\" height=\"35\"><strong><span style=\"color: #ffffff;\">Axe Z<\/span><\/strong><\/td>\n<\/tr>\n<tr>\n<td style=\"text-align: center;\" bgcolor=\"#E2E8E9\" height=\"30\">300<\/td>\n<td style=\"text-align: center;\" bgcolor=\"#E2E8E9\" height=\"30\">300<\/td>\n<td style=\"text-align: center;\" bgcolor=\"#E2E8E9\" height=\"30\">400<\/td>\n<\/tr>\n<tr>\n<td style=\"text-align: center;\" bgcolor=\"#E2E8E9\" height=\"20\">180<\/td>\n<td style=\"text-align: center;\" bgcolor=\"#E2E8E9\" height=\"20\">250<\/td>\n<td style=\"text-align: center;\" bgcolor=\"#E2E8E9\" height=\"20\">350<\/td>\n<\/tr>\n<\/tbody>\n<\/table>\n<\/div>\n<h3 class=\"wow bounceInRight\"><strong class=\"hilite_dark\">Rectifieuse Cylindrique<\/strong><\/h3>\n<p>Nous disposons d\u2019une rectifieuse cylindrique capable de rectifier des pi\u00e8ces selon les dimensions suivantes: <\/p>\n<div align=\"center\">\n<table border=\"0\" width=\"421\" cellspacing=\"1\" cellpadding=\"0\" align=\"center\">\n<tbody>\n<tr>\n<td align=\"center\" bgcolor=\"#556167\" height=\"35\"><strong><span style=\"color: #ffffff;\">D Maxi<\/span><\/strong><\/td>\n<td align=\"center\" bgcolor=\"#556167\" height=\"35\"><strong><span style=\"color: #ffffff;\">Longueur Maxi<\/span><\/strong><\/td>\n<\/tr>\n<tr>\n<td style=\"text-align: center;\" bgcolor=\"#E2E8E9\" height=\"30\">300<\/td>\n<td style=\"text-align: center;\" bgcolor=\"#E2E8E9\" height=\"30\">1000<\/td>\n<\/tr>\n<\/tbody>\n<\/table><\/div>\n<h3 class=\"wow bounceInRight\"><strong class=\"hilite_dark\">Rectifieuse plans<\/strong><\/h3>\n<p>Rectifieuse plans H.Ernault.Somua avec un plateau magn\u00e9tique du 650&#215;300<\/p>\n<div align=\"center\"><img loading=\"lazy\" class=\"aligncenter wp-image-1821 size-large\" src=\"http:\/\/sobeca-tunisie.com\/wp-content\/uploads\/2016\/02\/aleseuse-1024x768.jpg\" height=\"384\" width=\"512\" alt=\"aleseuse\" srcset=\"https:\/\/sobeca-tunisie.com\/wp-content\/uploads\/2016\/02\/aleseuse-1024x768.jpg 1024w, https:\/\/sobeca-tunisie.com\/wp-content\/uploads\/2016\/02\/aleseuse-300x225.jpg 300w, https:\/\/sobeca-tunisie.com\/wp-content\/uploads\/2016\/02\/aleseuse-768x576.jpg 768w, https:\/\/sobeca-tunisie.com\/wp-content\/uploads\/2016\/02\/aleseuse.jpg 1378w\" sizes=\"(max-width: 512px) 100vw, 512px\" \/><\/div>\n<\/div>\n<\/div>\n<\/div><\/div>\n","protected":false},"excerpt":{"rendered":"","protected":false},"author":1,"featured_media":0,"parent":0,"menu_order":0,"comment_status":"closed","ping_status":"closed","template":"","meta":[],"_links":{"self":[{"href":"https:\/\/sobeca-tunisie.com\/index.php?rest_route=\/wp\/v2\/pages\/13"}],"collection":[{"href":"https:\/\/sobeca-tunisie.com\/index.php?rest_route=\/wp\/v2\/pages"}],"about":[{"href":"https:\/\/sobeca-tunisie.com\/index.php?rest_route=\/wp\/v2\/types\/page"}],"author":[{"embeddable":true,"href":"https:\/\/sobeca-tunisie.com\/index.php?rest_route=\/wp\/v2\/users\/1"}],"replies":[{"embeddable":true,"href":"https:\/\/sobeca-tunisie.com\/index.php?rest_route=%2Fwp%2Fv2%2Fcomments&post=13"}],"version-history":[{"count":89,"href":"https:\/\/sobeca-tunisie.com\/index.php?rest_route=\/wp\/v2\/pages\/13\/revisions"}],"predecessor-version":[{"id":1982,"href":"https:\/\/sobeca-tunisie.com\/index.php?rest_route=\/wp\/v2\/pages\/13\/revisions\/1982"}],"wp:attachment":[{"href":"https:\/\/sobeca-tunisie.com\/index.php?rest_route=%2Fwp%2Fv2%2Fmedia&parent=13"}],"curies":[{"name":"wp","href":"https:\/\/api.w.org\/{rel}","templated":true}]}}