{"id":617,"date":"2014-01-12T14:10:29","date_gmt":"2014-01-12T13:10:29","guid":{"rendered":"http:\/\/blueowlcreative.com\/wp\/savia\/?page_id=617"},"modified":"2019-05-30T19:15:16","modified_gmt":"2019-05-30T17:15:16","slug":"contact","status":"publish","type":"page","link":"https:\/\/sobeca-tunisie.com\/?page_id=617","title":{"rendered":"Contact"},"content":{"rendered":"<div id=\"lmm_efa366e9\" style=\"width:100%;\" class=\"mapsmarker markermap marker-1\">\n<div id=\"lmm_panel_efa366e9\" class=\"lmm-panel\" style=\"background:#efefef;\">\n<div id=\"lmm_panel_api_efa366e9\" class=\"lmm-panel-api\"><a href=\"https:\/\/maps.google.com\/maps?daddr=35.785800,10.665021&amp;t=m&amp;layer=1&amp;doflg=ptk&amp;om=0\" target=\"_blank\" title=\"Obtenir l&#039;itin\u00e9raire\"><img alt=\"icon-car.png\" src=\"https:\/\/sobeca-tunisie.com\/wp-content\/plugins\/leaflet-maps-marker\/inc\/img\/icon-car.png\" width=\"14\" height=\"14\" class=\"lmm-panel-api-images\" \/><\/a><a href=\"https:\/\/sobeca-tunisie.com\/wp-content\/plugins\/leaflet-maps-marker\/leaflet-fullscreen.php?marker=1\" style=\"text-decoration:none;\" title=\"Ouvrir la carte toute seule en mode plein \u00e9cran\" target=\"_blank\"><img src=\"https:\/\/sobeca-tunisie.com\/wp-content\/plugins\/leaflet-maps-marker\/inc\/img\/icon-fullscreen.png\" width=\"14\" height=\"14\" alt=\"Fullscreen-Logo\" class=\"lmm-panel-api-images\" \/><\/a><\/div><div id=\"lmm_panel_text_efa366e9\" class=\"lmm-panel-text\" style=\"font-weight:bold;color:#373737;\">SOBECA<\/div><\/div>\n<div id=\"lmm_map_efa366e9\" class=\"lmm-map\" style=\"background:#f6f6f6;border:1px solid #ccc;height:480px; overflow:hidden;padding:0;\"><p style=\"font-size:80%;color:#9f9e9e;margin-left:5px;\">chargement de la carte - veuillez patienter...<noscript><br\/><strong>La carte ne peut \u00eatre charg\u00e9e - s'il vous pla\u00eet activer Javascript !<\/strong><br\/><a style=\"text-decoration:none;\" href=\"https:\/\/www.mapsmarker.com\/js-disabled\" target=\"_blank\">&rarr; plus d'informations<\/a><\/noscript><\/p><\/div>\n<div id=\"lmm_geo_tags_efa366e9\" class=\"lmm-geo-tags geo\">\n<span class=\"paneltext\">SOBECA<\/span>\n<span class=\"latitude\">35.785800<\/span>, <span class=\"longitude\">10.665021<\/span>\n<span class=\"popuptext\">SOBECA<\/span>\n<\/div>\n<\/div>\n<!-- Container Row --><div class=\"container animationStart \">\n\t\t<div class=\"row  \">\n\t\t\t<div class=\"sixteen columns\">\n\t\t\t\n\t<div class=\"six columns  alpha\">\n\t\t\t<div class=\"text_box  \">\n\t\t\t\t\t\n\t\t\t\t\t<h2>Nos directeurs<\/h2>\n\t\t\t\t\t<p>Ceux qui dirigent notre \u00e9quipe.<\/p>\n\t\t\t\t<\/div>\n\t<\/div>\n\t<div class=\"four columns  \">\n\t\t\t<div class=\"team_block_content animationStart\">\n\t\t\t\t<div class=\"pic\">\n\t\t\t\t\t\n\t\t\t\t\t<div class=\"team_image \" style=\"background-image: url(http:\/\/sobeca-tunisie.com\/wp-content\/uploads\/2016\/02\/abdelhakim.jpg);\">\n\t\t\t\t\t\t<img src=\"http:\/\/sobeca-tunisie.com\/wp-content\/uploads\/2016\/02\/abdelhakim.jpg\">\n\t\t\t\t\t<\/div>\n\t\t\t\t\t\n\t\t\t\t\t\n\t\t\t\t\t\n\t\t\t\t\t<div class=\"team_block\">\n\t\t\t\t\t\t<h4>Abdelhakim Ben Cheikh<\/h4>\n\t\t\t\t\t\t<p class=\"team_desc\">Directeur G\u00e9n\u00e9ral<\/p>\n\t\t\t\t\t\t<p class=\"team_text\"><\/p>\n\t\t\t\t\t\n\t\t\t\t\t\n\t\t\t\t\t\n\t\t\t\t\t\n\t\t\t\t\t\n\t\t\t\t\t<\/div>\n\t\t\t\t<\/div>\n\t\t\t<\/div>\n\t\t\n\t<\/div>\n<p>\t<div class=\"four columns  omega\">\n\t\t\t<div class=\"team_block_content animationStart\">\n\t\t\t\t<div class=\"pic\">\n\t\t\t\t\t\n\t\t\t\t\t<div class=\"team_image \" style=\"background-image: url(http:\/\/sobeca-tunisie.com\/wp-content\/uploads\/2016\/02\/ghassen.jpg);\">\n\t\t\t\t\t\t<img src=\"http:\/\/sobeca-tunisie.com\/wp-content\/uploads\/2016\/02\/ghassen.jpg\">\n\t\t\t\t\t<\/div>\n\t\t\t\t\t\n\t\t\t\t\t\n\t\t\t\t\t\n\t\t\t\t\t<div class=\"team_block\">\n\t\t\t\t\t\t<h4>Ghassen Ben Cheikh<\/h4>\n\t\t\t\t\t\t<p class=\"team_desc\">Directeur Commercial<\/p>\n\t\t\t\t\t\t<p class=\"team_text\"><\/p>\n\t\t\t\t\t\n\t\t\t\t\t\n\t\t\t\t\t\n\t\t\t\t\t\n\t\t\t\t\t\n\t\t\t\t\t<\/div>\n\t\t\t\t<\/div>\n\t\t\t<\/div>\n\t\t\n\t<\/div><br class=\"h10 clear\"\/>\n\n\t\t\t<\/div>\t\t\t\n    \t<\/div>\n\t<\/div>\n\t<!-- Container Row :: END -->\n\t\n<!-- Container Row --><div class=\"container animationStart \">\n\t\t<div class=\"row  \">\n\t\t\t<div class=\"sixteen columns\">\n\t\t\t\n<div class=\"eight columns  alpha\">\n\n                <div class='gf_browser_gecko gform_wrapper' id='gform_wrapper_2' ><a id='gf_2' name='gf_2' class='gform_anchor' ><\/a><form method='post' enctype='multipart\/form-data' target='gform_ajax_frame_2' id='gform_2'  action='\/index.php?rest_route=%2Fwp%2Fv2%2Fpages%2F617#gf_2'>\n                        <div class='gform_heading'>\n                            <h3 class='gform_title'>Contact<\/h3>\n                            <span class='gform_description'><\/span>\n                        <\/div>\n                        <div class='gform_body'><ul id='gform_fields_2' class='gform_fields top_label form_sublabel_below description_below'><li id='field_2_5' class='gfield field_sublabel_below field_description_below' ><label class='gfield_label' for='input_2_5' >Nom complet<\/label><div class='ginput_container'><input name='input_5' id='input_2_5' type='text' value='' class='medium'  tabindex='1'   \/><\/div><\/li><li id='field_2_2' class='gfield field_sublabel_below field_description_below' ><label class='gfield_label' for='input_2_2' >T\u00e9l\u00e9phone<\/label><div class='ginput_container'><input name='input_2' id='input_2_2' type='text' value='' class='medium' tabindex='2'   \/><\/div><\/li><li id='field_2_3' class='gfield field_sublabel_below field_description_below' ><label class='gfield_label' for='input_2_3' >Email<\/label><div class='ginput_container'>\n                            <input name='input_3' id='input_2_3' type='text' value='' class='medium' tabindex='3'   \/>\n                        <\/div><\/li><li id='field_2_4' class='gfield field_sublabel_below field_description_below' ><label class='gfield_label' for='input_2_4' >Message<\/label><div class='ginput_container'>\n\t\t\t\t\t<textarea name='input_4' id='input_2_4' class='textarea medium' tabindex='4'    rows='10' cols='50'><\/textarea>\n\t\t\t\t<\/div><\/li><li id='field_2_6' class='gfield gform_validation_container field_sublabel_below field_description_below' ><label class='gfield_label' for='input_2_6' >Email<\/label><div class='ginput_container'><input name='input_6' id='input_2_6' type='text' value='' \/><\/div><div class='gfield_description'>This field is for validation purposes and should be left unchanged.<\/div><\/li>\n                            <\/ul><\/div>\n        <div class='gform_footer top_label'> <input type='submit' id='gform_submit_button_2' class='gform_button button' value='Envoyer' tabindex='5' onclick='if(window[\"gf_submitting_2\"]){return false;}  window[\"gf_submitting_2\"]=true;  ' \/> <input type='hidden' name='gform_ajax' value='form_id=2&amp;title=1&amp;description=1&amp;tabindex=1' \/>\n            <input type='hidden' class='gform_hidden' name='is_submit_2' value='1' \/>\n            <input type='hidden' class='gform_hidden' name='gform_submit' value='2' \/>\n            \n            <input type='hidden' class='gform_hidden' name='gform_unique_id' value='' \/>\n            <input type='hidden' class='gform_hidden' name='state_2' value='WyJbXSIsIjZiNjNkMzZjMDlmYWE0MWU1NGJiZGY1MjMwYmFiYTQ0Il0=' \/>\n            <input type='hidden' class='gform_hidden' name='gform_target_page_number_2' id='gform_target_page_number_2' value='0' \/>\n            <input type='hidden' class='gform_hidden' name='gform_source_page_number_2' id='gform_source_page_number_2' value='1' \/>\n            <input type='hidden' name='gform_field_values' value='' \/>\n            \n        <\/div>\n                        <\/form>\n                        <\/div>\n                <iframe style='display:none;width:0px;height:0px;' src='about:blank' name='gform_ajax_frame_2' id='gform_ajax_frame_2'><\/iframe>\n                <script type='text\/javascript'>jQuery(document).ready(function($){gformInitSpinner( 2, 'https:\/\/sobeca-tunisie.com\/wp-content\/plugins\/gravityforms196\/images\/spinner.gif' );jQuery('#gform_ajax_frame_2').load( function(){var contents = jQuery(this).contents().find('*').html();var is_postback = contents.indexOf('GF_AJAX_POSTBACK') >= 0;if(!is_postback){return;}var form_content = jQuery(this).contents().find('#gform_wrapper_2');var is_confirmation = jQuery(this).contents().find('#gform_confirmation_wrapper_2').length > 0;var is_redirect = contents.indexOf('gformRedirect(){') >= 0;var is_form = form_content.length > 0 && ! is_redirect && ! is_confirmation;if(is_form){jQuery('#gform_wrapper_2').html(form_content.html());setTimeout( function() { \/* delay the scroll by 50 milliseconds to fix a bug in chrome *\/ jQuery(document).scrollTop(jQuery('#gform_wrapper_2').offset().top); }, 50 );if(window['gformInitDatepicker']) {gformInitDatepicker();}if(window['gformInitPriceFields']) {gformInitPriceFields();}var current_page = jQuery('#gform_source_page_number_2').val();gformInitSpinner( 2, 'https:\/\/sobeca-tunisie.com\/wp-content\/plugins\/gravityforms196\/images\/spinner.gif' );jQuery(document).trigger('gform_page_loaded', [2, current_page]);window['gf_submitting_2'] = false;}else if(!is_redirect){var confirmation_content = jQuery(this).contents().find('#gforms_confirmation_message_2').html();if(!confirmation_content){confirmation_content = contents;}setTimeout(function(){jQuery('#gform_wrapper_2').replaceWith('<' + 'div id=\\'gforms_confirmation_message_2\\' class=\\'gform_confirmation_message_2 gforms_confirmation_message\\'' + '>' + confirmation_content + '<' + '\/div' + '>');jQuery(document).scrollTop(jQuery('#gforms_confirmation_message_2').offset().top);jQuery(document).trigger('gform_confirmation_loaded', [2]);window['gf_submitting_2'] = false;}, 50);}else{jQuery('#gform_2').append(contents);if(window['gformRedirect']) {gformRedirect();}}jQuery(document).trigger('gform_post_render', [2, current_page]);} );} );<\/script><script type='text\/javascript'> if(typeof gf_global == 'undefined') var gf_global = {\"gf_currency_config\":{\"name\":\"U.S. Dollar\",\"symbol_left\":\"$\",\"symbol_right\":\"\",\"symbol_padding\":\"\",\"thousand_separator\":\",\",\"decimal_separator\":\".\",\"decimals\":2},\"base_url\":\"https:\\\/\\\/sobeca-tunisie.com\\\/wp-content\\\/plugins\\\/gravityforms196\",\"number_formats\":[],\"spinnerUrl\":\"https:\\\/\\\/sobeca-tunisie.com\\\/wp-content\\\/plugins\\\/gravityforms196\\\/images\\\/spinner.gif\"};jQuery(document).bind('gform_post_render', function(event, formId, currentPage){if(formId == 2) {if(!\/(android)\/i.test(navigator.userAgent)){jQuery('#input_2_2').mask('(999) 999-9999').bind('keypress', function(e){if(e.which == 13){jQuery(this).blur();} } );}} } );jQuery(document).bind('gform_post_conditional_logic', function(event, formId, fields, isInit){} );<\/script><script type='text\/javascript'> jQuery(document).ready(function(){jQuery(document).trigger('gform_post_render', [2, 1]) } ); <\/script>\n<\/div>\n<div class=\"eight columns  omega\">\n<p><img loading=\"lazy\" class=\"alignleft size-full wp-image-222\" src=\"http:\/\/www.ecole-elite.tn\/wp-content\/uploads\/2015\/04\/2-e1428191104576.png\" alt=\"3\" width=\"74\" height=\"85\" \/><\/p>\n<p style=\"clear: right; width: 400px; margin: 5px; padding-top: 10px;\">Zone Industrielle Sidi Abdelhamid<br \/>\n4061 Sousse &#8211; TUNISIE.<\/p>\n<div style=\"clear: both; padding-bottom: 10px;\"><\/div>\n<p><img loading=\"lazy\" class=\"alignleft size-full wp-image-223\" src=\"http:\/\/www.ecole-elite.tn\/wp-content\/uploads\/2015\/04\/1-e1428191123761.png\" alt=\"1\" width=\"74\" height=\"85\" \/><\/p>\n<p style=\"clear: right; width: 400px; margin: 10px; padding-top: 20px;\">(00216) 73 321 405 \/ (00216) 73 321 406.<\/p>\n<div style=\"clear: both;\"><\/div>\n<p><img loading=\"lazy\" class=\"alignleft size-full wp-image-223\" src=\"http:\/\/sobeca-tunisie.com\/wp-content\/uploads\/2016\/04\/4.png\" alt=\"1\" width=\"74\" height=\"85\" \/><\/p>\n<p style=\"clear: right; width: 400px; margin: 10px; padding-top: 20px;\">(00216) 73 321 407<\/p>\n<div style=\"clear: both;\"><\/div>\n<p><img loading=\"lazy\" class=\"alignleft size-full wp-image-224\" src=\"http:\/\/www.ecole-elite.tn\/wp-content\/uploads\/2015\/04\/5-e1428192012224.png\" alt=\"2\" width=\"74\" height=\"85\" \/><\/p>\n<p style=\"clear: right; width: 400px; margin: 10px; padding-top: 20px;\">contact@sobeca-tunisie.com<\/p>\n<div style=\"clear: both;\"><\/div>\n<p><img loading=\"lazy\" class=\"alignleft size-full wp-image-224\" src=\"http:\/\/www.ecole-elite.tn\/wp-content\/uploads\/2015\/04\/3-e1428191084977.png\" alt=\"2\" width=\"74\" height=\"85\" \/><\/p>\n<p style=\"clear: right; width: 400px; margin: 10px; padding-top: 20px;\"><a title=\"Notre page Facebook\" href=\"https:\/\/www.facebook.com\/sobecametal\" target=\"_blank\" rel=\"noopener noreferrer\">www.facebook.com\/sobecametal<\/a><\/p>\n<div style=\"clear: both;\"><\/div>\n<\/div><br class=\"h10 clear\"\/>\n\n\t\t\t<\/div>\t\t\t\n    \t<\/div>\n\t<\/div>\n\t<!-- Container Row :: END -->\n\t\n","protected":false},"excerpt":{"rendered":"","protected":false},"author":1,"featured_media":0,"parent":0,"menu_order":12,"comment_status":"open","ping_status":"closed","template":"contact.php","meta":[],"_links":{"self":[{"href":"https:\/\/sobeca-tunisie.com\/index.php?rest_route=\/wp\/v2\/pages\/617"}],"collection":[{"href":"https:\/\/sobeca-tunisie.com\/index.php?rest_route=\/wp\/v2\/pages"}],"about":[{"href":"https:\/\/sobeca-tunisie.com\/index.php?rest_route=\/wp\/v2\/types\/page"}],"author":[{"embeddable":true,"href":"https:\/\/sobeca-tunisie.com\/index.php?rest_route=\/wp\/v2\/users\/1"}],"replies":[{"embeddable":true,"href":"https:\/\/sobeca-tunisie.com\/index.php?rest_route=%2Fwp%2Fv2%2Fcomments&post=617"}],"version-history":[{"count":43,"href":"https:\/\/sobeca-tunisie.com\/index.php?rest_route=\/wp\/v2\/pages\/617\/revisions"}],"predecessor-version":[{"id":2041,"href":"https:\/\/sobeca-tunisie.com\/index.php?rest_route=\/wp\/v2\/pages\/617\/revisions\/2041"}],"wp:attachment":[{"href":"https:\/\/sobeca-tunisie.com\/index.php?rest_route=%2Fwp%2Fv2%2Fmedia&parent=617"}],"curies":[{"name":"wp","href":"https:\/\/api.w.org\/{rel}","templated":true}]}}