{"id":8,"date":"2016-02-17T20:18:13","date_gmt":"2016-02-17T20:18:13","guid":{"rendered":"http:\/\/sobeca-tunisie.com\/?page_id=8"},"modified":"2018-04-24T17:28:04","modified_gmt":"2018-04-24T15:28:04","slug":"la-societe","status":"publish","type":"page","link":"https:\/\/sobeca-tunisie.com\/","title":{"rendered":"La soci\u00e9t\u00e9"},"content":{"rendered":"<div class=\"page_title\"><div id=\"metaslider-id-1493\" style=\"max-width: 1250px;\" class=\"ml-slider-3-19-1 metaslider metaslider-flex metaslider-1493 ml-slider\">\n    <div id=\"metaslider_container_1493\">\n        <div id=\"metaslider_1493\">\n            <ul aria-live=\"polite\" class=\"slides\">\n                <li style=\"display: block; width: 100%;\" class=\"slide-1494 ms-image\"><img src=\"https:\/\/sobeca-tunisie.com\/wp-content\/uploads\/2016\/02\/mechanical_resize.jpg\" height=\"500\" width=\"1250\" alt=\"\" class=\"slider-1493 slide-1494\" \/><\/li>\n                <li style=\"display: none; width: 100%;\" class=\"slide-1495 ms-image\"><img src=\"https:\/\/sobeca-tunisie.com\/wp-content\/uploads\/2016\/02\/IMG-07-07-2014-053250.jpg\" height=\"500\" width=\"1250\" alt=\"\" class=\"slider-1493 slide-1495\" \/><\/li>\n            <\/ul>\n        <\/div>\n        \n    <\/div>\n<\/div><\/div>\n<!-- Container Row --><div class=\"container animationStart \">\n\t\t<div class=\"row  \">\n\t\t\t<div class=\"sixteen columns\">\n\t\t\t\n<h2 class=\"big_heading\">Bienvenue chez Sobeca<\/h2>\n<div style=\"text-align: justify;\">\n<p>Notre soci\u00e9t\u00e9 est sp\u00e9cialis\u00e9e dans le domaine de fabrication de tout type d\u2019engrenage : droit, \u00e0 denture h\u00e9lico\u00efdale, conique, cr\u00e9maill\u00e8re, pignon \u00e0 cha\u00eene, roue et vis sans fin et toute pi\u00e8ce de rechange m\u00e9canique destin\u00e9e \u00e0 la maintenance industrielle. Gr\u00e2ce \u00e0 notre exp\u00e9rience de 25 ans, nous avons gagn\u00e9 la confiance des plus grandes soci\u00e9t\u00e9s du secteur industriel dans les domaines les plus vari\u00e9s. Chez SOBECA, nous vous garantissons des pi\u00e8ces usin\u00e9es conformes \u00e0 vos exigences et fabriqu\u00e9s avec le plus grand soin par des techniciens qualifi\u00e9s. Avec un atelier dot\u00e9 d&rsquo;\u00e9quipements classiques et num\u00e9riques pour l&rsquo;usinage des pi\u00e8ces de petite taille autant que de taille majeur,\u00a0nous vous offrons des solutions d&rsquo;usinage unique qui permettent de concr\u00e9tiser vos id\u00e9es les plus audacieuses et les plus complexes en travaillant de diff\u00e9rents mat\u00e9riaux.<\/p>\n<blockquote><p>communiquez avec nous a fin d&rsquo;obtenir du renseignement sur nous services d&rsquo;usinage.<\/p><\/blockquote>\n<\/div>\n\n\t\t\t<\/div>\t\t\t\n    \t<\/div>\n\t<\/div>\n\t<!-- Container Row :: END -->\n\t\n<!-- Container Row --><div  data-stellar-background-ratio=\"0.5\" class=\"full_container parallax_bgr  no_border_container\" style=\"background:url(http:\/\/sobeca-tunisie.com\/wp-content\/uploads\/2014\/01\/office_bgr.jpg) center center no-repeat; background-attachment: fixed; background-size: cover;\"><div class=\"container animationStart \">\n\t\t<div class=\"row  dark_container_white_text\">\n\t\t\t<div class=\"sixteen columns\">\n\t\t\t\n<h2 class=\"title  \"><span>Sobeca en chiffres<\/span><\/h2><div class='h20'><\/div>\n<div class=\"numbers_holder animationBegin centered_digits\">\n<div class=\"column one-third  alpha\">\n<div id=\"counter1\" class=\"counter\">\n\t\t\t\t\t<input type=\"hidden\" class=\"counter_hidden\" data-end-nu=\"25\" name=\"counter1-value\" value=\"\" \/>\n\t\t\t\t\t<div class=\"counter_desc\">Ann\u00e9es d'exp\u00e9rience<\/div>\n\t\t\t\t<\/div>\n<\/div>\n<div class=\"column one-third  \">\n<div id=\"counter2\" class=\"counter\">\n\t\t\t\t\t<input type=\"hidden\" class=\"counter_hidden\" data-end-nu=\"20\" name=\"counter2-value\" value=\"\" \/>\n\t\t\t\t\t<div class=\"counter_desc\">Personnel<\/div>\n\t\t\t\t<\/div>\n<\/div>\n<div class=\"column one-third  omega\">\n<div id=\"counter3\" class=\"counter\">\n\t\t\t\t\t<input type=\"hidden\" class=\"counter_hidden\" data-end-nu=\"30\" name=\"counter3-value\" value=\"\" \/>\n\t\t\t\t\t<div class=\"counter_desc\">Machines<\/div>\n\t\t\t\t<\/div>\n<\/div><br class=\"h10 clear\"\/>\n<\/div>\n\t\t\t\t\t<script type=\"text\/javascript\">\n\t\t\t\t        \n\t\t\t\t        jQuery(\".numbers_holder.animationBegin\").appear({\n\t\t\t\t\t\t\tonce: true,\n\t\t\t\t\t\t\tforEachVisible: function (i, e) {\n\t\t\t\t\t\t\t\tjQuery(e).data(\"delay\", i);\n\t\t\t\t\t\t\t},\n\t\t\t\t\t\t\tappear: function () {\n\t\t\t\t\t\t\t\tvar delay = 400;\n\t\t\t\n\t\t\t\t\t\t\t\tjQuery(this).find(\".counter\").each(function (i, e) {\n\t\t\t\t\t\t\t\t\tjQuery(e).trans(i * delay + \"ms\", \"-delay\");\n\n\t\t\t\t\t\t\t\t\tsetTimeout(function(){\n\t\t\t\t\t\t\t\t\t\tend_nu = jQuery(e).find(\".counter_hidden:first\").attr(\"data-end-nu\");\n\t\t\t\t\t\t\t\t\t\tjQuery(e).flipCounter(\"startAnimation\", { end_number: end_nu }).find(\".counter_desc\").addClass(\"shown\");\n\t\t\t\t\t\t\t\t\t}, i * delay);\t\t\t\t\t\t\t\t\t\n\t\t\t\t\t\t\t        \n\t\t\t\t\t\t\t    \n\t\t\t\t\t\t\t\t});\n\t\t\t\t\t\t\t\tjQuery(this).removeClass(\"animationBegin\");\n\t\t\t\t\t\t\t}\n\t\t\t\t\t\t});\n\t\t\t\t        \n\t\t\t\t        \n\t\t\t\t<\/script>\t\n\t\n\n\t\t\t<\/div>\t\t\t\n    \t<\/div>\n\t<\/div>\n\t<\/div><!-- Container Row :: END -->\n\t\n<!-- Container Row --><div class=\"container animationStart \">\n\t\t<div class=\"row  \">\n\t\t\t<div class=\"sixteen columns\">\n\t\t\t\n<h2 class=\"big_heading\">Nos principaux clients<\/h2>\n<p><\/p>\n<div class=\"three columns client_info\">\n\t\t\t<a href=\"\" target=\"_blank\" class=\"tooltipsy\" original-title=\"Gloulou\"><img src=\"wp-content\/uploads\/2016\/02\/logoegms.jpg\"><\/a>\n\t\t  <\/div>\n<div class=\"three columns client_info\">\n\t\t\t<a href=\"\" target=\"_blank\" class=\"tooltipsy\" original-title=\"Elb\u00e8ne\"><img src=\"wp-content\/uploads\/2016\/02\/Capture.jpg\"><\/a>\n\t\t  <\/div>\n<div class=\"three columns client_info\">\n\t\t\t<a href=\"\" target=\"_blank\" class=\"tooltipsy\" original-title=\"Elkanaouet\"><img src=\"wp-content\/uploads\/2016\/02\/logo_elkanaouet.jpg\"><\/a>\n\t\t  <\/div>\n<div class=\"three columns client_info\">\n\t\t\t<a href=\"\" target=\"_blank\" class=\"tooltipsy\" original-title=\"Vitalait\"><img src=\"wp-content\/uploads\/2016\/02\/csm_Vitalait_Logo_9541a40feb.jpg\"><\/a>\n\t\t  <\/div>\n<div class=\"three columns client_info\">\n\t\t\t<a href=\"\" target=\"_blank\" class=\"tooltipsy\" original-title=\"SOMOCER\"><img src=\"wp-content\/uploads\/2016\/02\/logosomocer.jpg\"><\/a>\n\t\t  <\/div>\n<div class=\"three columns client_info\">\n\t\t\t<a href=\"\" target=\"_blank\" class=\"tooltipsy\" original-title=\"Ciment Nfidha\"><img src=\"wp-content\/uploads\/2016\/02\/logo8.jpg\"><\/a>\n\t\t  <\/div>\n<div class=\"three columns client_info\">\n\t\t\t<a href=\"\" target=\"_blank\" class=\"tooltipsy\" original-title=\"SOTACIB\"><img src=\"wp-content\/uploads\/2016\/02\/ag43-sotacib-tunisie.jpg\"><\/a>\n\t\t  <\/div>\n<div class=\"three columns client_info\">\n\t\t\t<a href=\"\" target=\"_blank\" class=\"tooltipsy\" original-title=\"SOBIG\"><img src=\"wp-content\/uploads\/2016\/02\/1434484241.jpg\"><\/a>\n\t\t  <\/div>\n<div class=\"three columns client_info\">\n\t\t\t<a href=\"\" target=\"_blank\" class=\"tooltipsy\" original-title=\"WARDA BIDHA\"><img src=\"wp-content\/uploads\/2016\/02\/Warda-Bidha.jpg\"><\/a>\n\t\t  <\/div>\n<div class=\"three columns client_info\">\n\t\t\t<a href=\"\" target=\"_blank\" class=\"tooltipsy\" original-title=\"CIMENTS DE GABES\"><img src=\"wp-content\/uploads\/2016\/02\/1660835_824102644273215_1763253877_n.jpg\"><\/a>\n\t\t  <\/div><div class=\"three columns client_info\">\n\t\t\t<a href=\"\" target=\"_blank\" class=\"tooltipsy\" original-title=\"A M S\"><img src=\"wp-content\/uploads\/2016\/02\/media_temp_1361378050.jpg\"><\/a>\n\t\t  <\/div><div class=\"three columns client_info\">\n\t\t\t<a href=\"\" target=\"_blank\" class=\"tooltipsy\" original-title=\"COTREL\"><img src=\"wp-content\/uploads\/2016\/02\/index.jpg\"><\/a>\n\t\t  <\/div>\n<div class=\"three columns client_info\">\n\t\t\t<a href=\"\" target=\"_blank\" class=\"tooltipsy\" original-title=\"TEJRA\"><img src=\"wp-content\/uploads\/2016\/02\/tejra-e1469616214761.jpg\"><\/a>\n\t\t  <\/div><div class=\"three columns client_info\">\n\t\t\t<a href=\"\" target=\"_blank\" class=\"tooltipsy\" original-title=\"ACAPLAST\"><img src=\"wp-content\/uploads\/2016\/02\/ACAPLAST.jpg\"><\/a>\n\t\t  <\/div>\n<div class=\"three columns client_info\">\n\t\t\t<a href=\"\" target=\"_blank\" class=\"tooltipsy\" original-title=\"SOTEMAIL\"><img src=\"wp-content\/uploads\/2016\/02\/Sotemail_logo-e1469619294539.jpg\"><\/a>\n\t\t  <\/div>\n<div class=\"three columns client_info\">\n\t\t\t<a href=\"\" target=\"_blank\" class=\"tooltipsy\" original-title=\"Briqueterie du Centre Menzel Hayet\"><img src=\"wp-content\/uploads\/2018\/03\/logo_index-e1521811363641.png\"><\/a>\n\t\t  <\/div>\n<div class=\"three columns client_info\">\n\t\t\t<a href=\"\" target=\"_blank\" class=\"tooltipsy\" original-title=\"BLC\"><img src=\"wp-content\/uploads\/2018\/03\/LOGO-BLC-e1521811425702.jpg\"><\/a>\n\t\t  <\/div>\n<div class=\"three columns client_info\">\n\t\t\t<a href=\"\" target=\"_blank\" class=\"tooltipsy\" original-title=\"TIFERT\"><img src=\"wp-content\/uploads\/2018\/03\/1505070331_article-e1521810908487.jpg\"><\/a>\n\t\t  <\/div>\n\n\t\t\t<\/div>\t\t\t\n    \t<\/div>\n\t<\/div>\n\t<!-- Container Row :: END -->\n\t\n","protected":false},"excerpt":{"rendered":"","protected":false},"author":1,"featured_media":0,"parent":0,"menu_order":0,"comment_status":"closed","ping_status":"closed","template":"","meta":[],"_links":{"self":[{"href":"https:\/\/sobeca-tunisie.com\/index.php?rest_route=\/wp\/v2\/pages\/8"}],"collection":[{"href":"https:\/\/sobeca-tunisie.com\/index.php?rest_route=\/wp\/v2\/pages"}],"about":[{"href":"https:\/\/sobeca-tunisie.com\/index.php?rest_route=\/wp\/v2\/types\/page"}],"author":[{"embeddable":true,"href":"https:\/\/sobeca-tunisie.com\/index.php?rest_route=\/wp\/v2\/users\/1"}],"replies":[{"embeddable":true,"href":"https:\/\/sobeca-tunisie.com\/index.php?rest_route=%2Fwp%2Fv2%2Fcomments&post=8"}],"version-history":[{"count":46,"href":"https:\/\/sobeca-tunisie.com\/index.php?rest_route=\/wp\/v2\/pages\/8\/revisions"}],"predecessor-version":[{"id":2031,"href":"https:\/\/sobeca-tunisie.com\/index.php?rest_route=\/wp\/v2\/pages\/8\/revisions\/2031"}],"wp:attachment":[{"href":"https:\/\/sobeca-tunisie.com\/index.php?rest_route=%2Fwp%2Fv2%2Fmedia&parent=8"}],"curies":[{"name":"wp","href":"https:\/\/api.w.org\/{rel}","templated":true}]}}